{"id":2963,"date":"2024-04-24T15:33:28","date_gmt":"2024-04-24T18:33:28","guid":{"rendered":"https:\/\/iespoman-cat.infd.edu.ar\/sitio\/?page_id=2963"},"modified":"2024-05-02T16:57:00","modified_gmt":"2024-05-02T19:57:00","slug":"jefatura-de-investigacion","status":"publish","type":"page","link":"https:\/\/iespoman-cat.infd.edu.ar\/sitio\/jefatura-de-investigacion\/","title":{"rendered":"Jefatura de Investigaci\u00f3n"},"content":{"rendered":"\n<figure class=\"wp-block-image size-full is-resized is-style-default\"><img decoding=\"async\" loading=\"lazy\" src=\"https:\/\/iespoman-cat.infd.edu.ar\/sitio\/wp-content\/uploads\/2024\/05\/image.png\" alt=\"dffffssff\" class=\"wp-image-2996\" width=\"261\" height=\"211\"\/><\/figure>\n\n\n\n<h2 class=\"wp-block-heading has-base-2-color has-accent-background-color has-text-color has-background\">     Jefatura de Investigaci\u00f3n Ciclo Acad\u00e9mico 2024<\/h2>\n\n\n\n<p><\/p>\n\n\n\n<p><\/p>\n\n\n\n<p>Bienvenidos al Instituto de Estudios Superiores de Pom\u00e1n donde la excelencia acad\u00e9mica y la innovaci\u00f3n son pilares fundamentales de nuestra misi\u00f3n educativa. En \u00e9l, el Departamento de Investigaci\u00f3n Educativa desempe\u00f1a un papel crucial en la promoci\u00f3n del desarrollo cient\u00edfico, acad\u00e9mico y cultural del mismo. Con el fin de fortalecer y orientar eficazmente nuestro trabajo, se propone el dise\u00f1o de un plan estrat\u00e9gico que guiar\u00e1 las actividades y esfuerzos de la investigaci\u00f3n en concordancia con las directrices establecidas por la Rector\u00eda y la Secretar\u00eda Acad\u00e9mica para el presente Ciclo Acad\u00e9mico.<\/p>\n\n\n\n<p><br>Nuestro enfoque se basa en la Ley N\u00b024521, que promueve el desarrollo cient\u00edfico, tecnol\u00f3gico y cultural de la Naci\u00f3n a trav\u00e9s de la investigaci\u00f3n y las creaciones art\u00edsticas. En este contexto, reconocemos la importancia de la investigaci\u00f3n en las instituciones de formaci\u00f3n docente para abordar problem\u00e1ticas espec\u00edficas y profundizar nuestros conocimientos disciplinares y metodol\u00f3gicos.<br>La investigaci\u00f3n no solo complementa nuestra preparaci\u00f3n profesional, sino que tambi\u00e9n contribuye al mejoramiento de la calidad educativa. En el Instituto de Estudios Superiores de Pom\u00e1n, la investigaci\u00f3n es una herramienta poderosa para la innovaci\u00f3n y el avance en nuestra labor educativa.<\/p>\n\n\n\n<p><br>Tanto el profesorado como el alumnado son piezas fundamentales en este proceso. Los docentes aportan su experiencia y conocimientos disciplinares, mientras que los estudiantes aportan su curiosidad, energ\u00eda y perspectivas frescas. Juntos, podemos trabajar en proyectos innovadores que impulsen el crecimiento acad\u00e9mico y profesional de todos los involucrados.<br>Les animamos a unirse a nuestro Departamento de Investigaci\u00f3n y a colaborar en la definici\u00f3n, dise\u00f1o y ejecuci\u00f3n de proyectos de investigaci\u00f3n que contribuyan al desarrollo de nuestra comunidad educativa y a la sociedad en general. Su participaci\u00f3n activa es fundamental para alcanzar nuestros objetivos y generar un impacto positivo en el \u00e1mbito educativo y m\u00e1s all\u00e1.<\/p>\n\n\n\n<p>\u00a1Esperamos contar con su entusiasmo y compromiso en esta emocionante aventura de descubrimiento y aprendizaje!<\/p>\n\n\n\n<pre class=\"wp-block-code has-accent-color has-text-color has-medium-font-size\"><code><strong>                                           La Rector\u00eda                                                    Jefatura de Investigaci\u00f3n Educativa<\/strong><\/code><\/pre>\n\n\n\n<p class=\"has-medium-font-size\"><strong>Para mayor informaci\u00f3n dirigite a:<\/strong><\/p>\n\n\n\n<ul>\n<li class=\"has-medium-font-size\">consultaiespoman12@gmail.com <\/li>\n\n\n\n<li class=\"has-medium-font-size\">3835 693489<\/li>\n<\/ul>\n","protected":false},"excerpt":{"rendered":"<p>Jefatura de Investigaci\u00f3n Ciclo Acad\u00e9mico 2024 Bienvenidos al Instituto de Estudios Superiores de Pom\u00e1n donde la excelencia acad\u00e9mica y la innovaci\u00f3n son pilares fundamentales de nuestra misi\u00f3n educativa. En \u00e9l, el Departamento de Investigaci\u00f3n Educativa desempe\u00f1a un papel crucial en la promoci\u00f3n del desarrollo cient\u00edfico, acad\u00e9mico y cultural del mismo. Con el fin de fortalecer &#8230; <a title=\"Jefatura de Investigaci\u00f3n\" class=\"read-more\" href=\"https:\/\/iespoman-cat.infd.edu.ar\/sitio\/jefatura-de-investigacion\/\" aria-label=\"More on Jefatura de Investigaci\u00f3n\">[+]<\/a><\/p>\n","protected":false},"author":8,"featured_media":0,"parent":0,"menu_order":0,"comment_status":"closed","ping_status":"closed","template":"","meta":[],"acf":[],"_links":{"self":[{"href":"https:\/\/iespoman-cat.infd.edu.ar\/sitio\/wp-json\/wp\/v2\/pages\/2963"}],"collection":[{"href":"https:\/\/iespoman-cat.infd.edu.ar\/sitio\/wp-json\/wp\/v2\/pages"}],"about":[{"href":"https:\/\/iespoman-cat.infd.edu.ar\/sitio\/wp-json\/wp\/v2\/types\/page"}],"author":[{"embeddable":true,"href":"https:\/\/iespoman-cat.infd.edu.ar\/sitio\/wp-json\/wp\/v2\/users\/8"}],"replies":[{"embeddable":true,"href":"https:\/\/iespoman-cat.infd.edu.ar\/sitio\/wp-json\/wp\/v2\/comments?post=2963"}],"version-history":[{"count":16,"href":"https:\/\/iespoman-cat.infd.edu.ar\/sitio\/wp-json\/wp\/v2\/pages\/2963\/revisions"}],"predecessor-version":[{"id":3040,"href":"https:\/\/iespoman-cat.infd.edu.ar\/sitio\/wp-json\/wp\/v2\/pages\/2963\/revisions\/3040"}],"wp:attachment":[{"href":"https:\/\/iespoman-cat.infd.edu.ar\/sitio\/wp-json\/wp\/v2\/media?parent=2963"}],"curies":[{"name":"wp","href":"https:\/\/api.w.org\/{rel}","templated":true}]}}