{"id":2613,"date":"2023-02-27T10:16:33","date_gmt":"2023-02-27T13:16:33","guid":{"rendered":"https:\/\/iespoman-cat.infd.edu.ar\/sitio\/?page_id=2613"},"modified":"2023-02-27T12:35:16","modified_gmt":"2023-02-27T15:35:16","slug":"profesorado-en-artes-visuales-2","status":"publish","type":"page","link":"https:\/\/iespoman-cat.infd.edu.ar\/sitio\/profesorado-en-artes-visuales-2\/","title":{"rendered":"Profesorado en Artes Visuales"},"content":{"rendered":"\n<p class=\"has-text-align-center\"><strong><em><mark style=\"background-color:rgba(0, 0, 0, 0)\" class=\"has-inline-color has-accent-color\">Cronograma del Curso de Ingreso <\/mark><\/em><\/strong><\/p>\n\n\n\n<figure class=\"wp-block-gallery has-nested-images columns-default is-cropped wp-block-gallery-1 is-layout-flex\">\n<figure class=\"wp-block-image size-large\"><img decoding=\"async\" loading=\"lazy\" width=\"1016\" height=\"737\" data-id=\"2623\"  src=\"https:\/\/iespoman-cat.infd.edu.ar\/sitio\/wp-content\/uploads\/2023\/02\/Cronograma-Artes-Visuales.jpeg\" alt=\"\" class=\"wp-image-2623\" srcset=\"https:\/\/iespoman-cat.infd.edu.ar\/sitio\/wp-content\/uploads\/2023\/02\/Cronograma-Artes-Visuales.jpeg 1016w, https:\/\/iespoman-cat.infd.edu.ar\/sitio\/wp-content\/uploads\/2023\/02\/Cronograma-Artes-Visuales-1000x725.jpeg 1000w, https:\/\/iespoman-cat.infd.edu.ar\/sitio\/wp-content\/uploads\/2023\/02\/Cronograma-Artes-Visuales-768x557.jpeg 768w\" sizes=\"(max-width: 1016px) 100vw, 1016px\" \/><\/figure>\n<\/figure>\n\n\n\n<p class=\"has-text-align-center\"><strong><em><mark style=\"background-color:rgba(0, 0, 0, 0)\" class=\"has-inline-color has-accent-color\">Paper de Formaci\u00f3n Espec\u00edfica<\/mark><\/em><\/strong><\/p>\n\n\n<div class=\"wp-block-image\">\n<figure class=\"aligncenter size-full is-resized\"><a href=\"https:\/\/iespoman-cat.infd.edu.ar\/sitio\/wp-content\/uploads\/2023\/02\/CUADERNO-CURSO-DE-INGRESO-2023.Artes-Visuales.pdf\"><img decoding=\"async\" loading=\"lazy\" src=\"https:\/\/iespoman-cat.infd.edu.ar\/sitio\/wp-content\/uploads\/2023\/02\/Artes-Visuales-1.jpg\" alt=\"\" class=\"wp-image-2616\" width=\"1078\" height=\"750\"\/><\/a><\/figure><\/div>\n\n\n<p class=\"has-text-align-center\"><\/p>\n\n\n\n<p><\/p>\n\n\n\n<p class=\"has-text-align-center\"><strong><em><mark style=\"background-color:rgba(0, 0, 0, 0)\" class=\"has-inline-color has-accent-color\">Paper de Formaci\u00f3n General<\/mark><\/em><\/strong><\/p>\n\n\n\n<figure class=\"wp-block-gallery has-nested-images columns-default is-cropped wp-block-gallery-3 is-layout-flex\"><\/figure>\n\n\n\n<figure class=\"wp-block-gallery has-nested-images columns-default is-cropped wp-block-gallery-5 is-layout-flex\">\n<figure class=\"wp-block-image size-large\"><a href=\"https:\/\/iespoman-cat.infd.edu.ar\/sitio\/wp-content\/uploads\/2023\/02\/modulo-Formacion-General-cursillo-sede-poman.pdf\"><img decoding=\"async\" loading=\"lazy\" width=\"284\" height=\"177\" data-id=\"2617\"  src=\"https:\/\/iespoman-cat.infd.edu.ar\/sitio\/wp-content\/uploads\/2023\/02\/fg-1.jpg\" alt=\"\" class=\"wp-image-2617\"\/><\/a><\/figure>\n<\/figure>\n","protected":false},"excerpt":{"rendered":"<p>Cronograma del Curso de Ingreso Paper de Formaci\u00f3n Espec\u00edfica Paper de Formaci\u00f3n General<\/p>\n","protected":false},"author":42,"featured_media":0,"parent":0,"menu_order":0,"comment_status":"closed","ping_status":"closed","template":"","meta":[],"acf":[],"_links":{"self":[{"href":"https:\/\/iespoman-cat.infd.edu.ar\/sitio\/wp-json\/wp\/v2\/pages\/2613"}],"collection":[{"href":"https:\/\/iespoman-cat.infd.edu.ar\/sitio\/wp-json\/wp\/v2\/pages"}],"about":[{"href":"https:\/\/iespoman-cat.infd.edu.ar\/sitio\/wp-json\/wp\/v2\/types\/page"}],"author":[{"embeddable":true,"href":"https:\/\/iespoman-cat.infd.edu.ar\/sitio\/wp-json\/wp\/v2\/users\/42"}],"replies":[{"embeddable":true,"href":"https:\/\/iespoman-cat.infd.edu.ar\/sitio\/wp-json\/wp\/v2\/comments?post=2613"}],"version-history":[{"count":3,"href":"https:\/\/iespoman-cat.infd.edu.ar\/sitio\/wp-json\/wp\/v2\/pages\/2613\/revisions"}],"predecessor-version":[{"id":2627,"href":"https:\/\/iespoman-cat.infd.edu.ar\/sitio\/wp-json\/wp\/v2\/pages\/2613\/revisions\/2627"}],"wp:attachment":[{"href":"https:\/\/iespoman-cat.infd.edu.ar\/sitio\/wp-json\/wp\/v2\/media?parent=2613"}],"curies":[{"name":"wp","href":"https:\/\/api.w.org\/{rel}","templated":true}]}}