{"id":2600,"date":"2023-02-27T09:23:11","date_gmt":"2023-02-27T12:23:11","guid":{"rendered":"https:\/\/iespoman-cat.infd.edu.ar\/sitio\/?page_id=2600"},"modified":"2023-02-27T09:56:59","modified_gmt":"2023-02-27T12:56:59","slug":"profesorado-en-ingles","status":"publish","type":"page","link":"https:\/\/iespoman-cat.infd.edu.ar\/sitio\/profesorado-en-ingles\/","title":{"rendered":"Profesorado en Ingl\u00e9s"},"content":{"rendered":"\n<p><\/p>\n\n\n\n<p><\/p>\n\n\n\n<p class=\"has-text-align-center\"><strong><em><mark style=\"background-color:rgba(0, 0, 0, 0)\" class=\"has-inline-color has-accent-color\">Paper de Formaci\u00f3n Espec\u00edfica<\/mark><\/em><\/strong><\/p>\n\n\n\n<figure class=\"wp-block-gallery has-nested-images columns-default is-cropped wp-block-gallery-1 is-layout-flex\">\n<figure class=\"wp-block-image size-large\"><a href=\"https:\/\/iespoman-cat.infd.edu.ar\/sitio\/wp-content\/uploads\/2023\/02\/MODULO-2023-IES-INGLES-1.pdf\"><img decoding=\"async\" loading=\"lazy\" width=\"276\" height=\"183\" data-id=\"2607\"  src=\"https:\/\/iespoman-cat.infd.edu.ar\/sitio\/wp-content\/uploads\/2023\/02\/Ingles-1.jpg\" alt=\"\" class=\"wp-image-2607\"\/><\/a><\/figure>\n<\/figure>\n\n\n\n<p><\/p>\n\n\n\n<p class=\"has-text-align-center\"><strong><em><mark style=\"background-color:rgba(0, 0, 0, 0)\" class=\"has-inline-color has-accent-color\">Paper de Formaci\u00f3n General<\/mark><\/em><\/strong><\/p>\n\n\n\n<figure class=\"wp-block-gallery has-nested-images columns-default is-cropped wp-block-gallery-3 is-layout-flex\">\n<figure class=\"wp-block-image size-large\"><a href=\"https:\/\/iespoman-cat.infd.edu.ar\/sitio\/wp-content\/uploads\/2023\/02\/Modulo-Formacion-General.pdf\"><img decoding=\"async\" loading=\"lazy\" width=\"284\" height=\"177\" data-id=\"2608\"  src=\"https:\/\/iespoman-cat.infd.edu.ar\/sitio\/wp-content\/uploads\/2023\/02\/fg.jpg\" alt=\"\" class=\"wp-image-2608\"\/><\/a><\/figure>\n<\/figure>\n\n\n\n<figure class=\"wp-block-gallery has-nested-images columns-default is-cropped wp-block-gallery-5 is-layout-flex\"><\/figure>\n","protected":false},"excerpt":{"rendered":"<p>Paper de Formaci\u00f3n Espec\u00edfica Paper de Formaci\u00f3n General<\/p>\n","protected":false},"author":42,"featured_media":0,"parent":0,"menu_order":0,"comment_status":"closed","ping_status":"closed","template":"","meta":[],"acf":[],"_links":{"self":[{"href":"https:\/\/iespoman-cat.infd.edu.ar\/sitio\/wp-json\/wp\/v2\/pages\/2600"}],"collection":[{"href":"https:\/\/iespoman-cat.infd.edu.ar\/sitio\/wp-json\/wp\/v2\/pages"}],"about":[{"href":"https:\/\/iespoman-cat.infd.edu.ar\/sitio\/wp-json\/wp\/v2\/types\/page"}],"author":[{"embeddable":true,"href":"https:\/\/iespoman-cat.infd.edu.ar\/sitio\/wp-json\/wp\/v2\/users\/42"}],"replies":[{"embeddable":true,"href":"https:\/\/iespoman-cat.infd.edu.ar\/sitio\/wp-json\/wp\/v2\/comments?post=2600"}],"version-history":[{"count":3,"href":"https:\/\/iespoman-cat.infd.edu.ar\/sitio\/wp-json\/wp\/v2\/pages\/2600\/revisions"}],"predecessor-version":[{"id":2612,"href":"https:\/\/iespoman-cat.infd.edu.ar\/sitio\/wp-json\/wp\/v2\/pages\/2600\/revisions\/2612"}],"wp:attachment":[{"href":"https:\/\/iespoman-cat.infd.edu.ar\/sitio\/wp-json\/wp\/v2\/media?parent=2600"}],"curies":[{"name":"wp","href":"https:\/\/api.w.org\/{rel}","templated":true}]}}