{"id":1204,"date":"2019-03-09T18:45:15","date_gmt":"2019-03-09T21:45:15","guid":{"rendered":"https:\/\/iespoman-cat.infd.edu.ar\/sitio\/?page_id=1204"},"modified":"2019-03-09T18:45:15","modified_gmt":"2019-03-09T21:45:15","slug":"diseno-curricular-profesorado-en-danzas","status":"publish","type":"page","link":"https:\/\/iespoman-cat.infd.edu.ar\/sitio\/diseno-curricular-profesorado-en-danzas\/","title":{"rendered":"Dise\u00f1o Curricular Profesorado en Danzas"},"content":{"rendered":"<p style=\"text-align: center;\"><strong><a href=\"https:\/\/iespoman-cat.infd.edu.ar\/sitio\/wp-content\/uploads\/2019\/03\/Disen_o_Curricular_Profesorado_Danza_2014_Final.pdf\"><img decoding=\"async\" loading=\"lazy\" class=\"alignnone size-full wp-image-919 aligncenter\" src=\"https:\/\/iespoman-cat.infd.edu.ar\/sitio\/wp-content\/uploads\/2018\/08\/images_1.jpg\" alt=\"\" width=\"225\" height=\"225\" \/><\/a>DESCARGAR DISE\u00d1O CURRICULAR<\/strong><\/p>\n<p><strong>PROFESORADO DE DANZA PLAN DE ESTUDIO<\/strong><strong>S<\/strong><\/p>\n<p>&nbsp;<\/p>\n<p><strong>PRIMER A\u00d1O<\/strong><\/p>\n<p>Pedagog\u00eda<\/p>\n<p>Psicolog\u00eda Educacional<\/p>\n<p>EDI \u2013<\/p>\n<p>Senso Percepci\u00f3n<\/p>\n<p>Danza Cl\u00e1sica<\/p>\n<p>Danzas Folcl\u00f3ricas Argentinas-<\/p>\n<p>Historia Social y Cultural de las Artes del Movimiento I<\/p>\n<p>EDI (Danza con eje en la T\u00e9cnica)<\/p>\n<p>Elementos y C\u00f3digos de la Danza<\/p>\n<p>Escuela y Comunidad<\/p>\n<p>&nbsp;<\/p>\n<p><strong>SEGUNDO A\u00d1O<\/strong><\/p>\n<p>Did\u00e1ctica General<\/p>\n<p>Sociolog\u00eda de la Educaci\u00f3n<\/p>\n<p>Sujetos de la Educaci\u00f3n Inicial, Primaria y Secundaria<\/p>\n<p>Historia Social y Cultural de las Artes del Movimiento II<\/p>\n<p>Did\u00e1ctica de la Danza I \u2013<\/p>\n<p>Danza Contempor\u00e1nea<\/p>\n<p>EDI (Danza con eje en el lenguaje)<\/p>\n<p>Lenguaje Musical aplicado al Lenguaje Corporal<\/p>\n<p>Lenguaje de la Danza (Opci\u00f3n Estudiantil):<\/p>\n<p>a)\u00a0\u00a0\u00a0\u00a0\u00a0\u00a0\u00a0\u00a0\u00a0\u00a0\u00a0\u00a0\u00a0\u00a0\u00a0\u00a0\u00a0 Danzas Folcl\u00f3ricas Latinoamericanas.<\/p>\n<p>b)\u00a0\u00a0\u00a0\u00a0\u00a0\u00a0\u00a0\u00a0\u00a0\u00a0\u00a0\u00a0\u00a0\u00a0\u00a0\u00a0 Malambo<\/p>\n<p>c)\u00a0\u00a0\u00a0\u00a0\u00a0\u00a0\u00a0\u00a0\u00a0\u00a0\u00a0\u00a0\u00a0\u00a0\u00a0\u00a0\u00a0 Expresi\u00f3n Corporal-<\/p>\n<p>Instituci\u00f3n Escolar<\/p>\n<p>Programaci\u00f3n Curricular<\/p>\n<p><strong>\u00a0<\/strong><\/p>\n<p><strong>TERCER A\u00d1O<\/strong><\/p>\n<p>Historia y Pol\u00edtica de la Educaci\u00f3n Argentina<\/p>\n<p>Filosof\u00eda de la Educaci\u00f3n<\/p>\n<p>G\u00e9neros, Estilos y Tendencias de las Artes del Movimiento<\/p>\n<p>Improvisaci\u00f3n e Interpretaci\u00f3n en Danza<\/p>\n<p>Puesta en Escena en Danza<\/p>\n<p>EDI (Danza con eje en el lenguaje)<\/p>\n<p>Did\u00e1ctica\u00a0 de la Danza II (seg\u00fan Modalidades y Sujetos)<\/p>\n<p>Pr\u00e1cticas de Ense\u00f1anza<\/p>\n<p>&nbsp;<\/p>\n<p><strong>CUARTO A\u00d1O<\/strong><\/p>\n<p>\u00c9tica Profesional<\/p>\n<p>Tecnolog\u00edas de la Informaci\u00f3n y la Comunicaci\u00f3n<\/p>\n<p>Ense\u00f1anza de la Danza a Sujetos con NEE<\/p>\n<p>EDI (Danza con eje en el Lenguaje)<\/p>\n<p>Direcci\u00f3n y Composici\u00f3n Coreogr\u00e1fica en Danza<\/p>\n<p>Investigaci\u00f3n Educativa en Artes del Movimiento<\/p>\n<p>Montaje y Producci\u00f3n de Espect\u00e1culos de Danza<\/p>\n<p>Intervenci\u00f3n Comunitaria en Danza seg\u00fan Modalidades Y Sujetos<\/p>\n<p>Pr\u00e1ctica Docente y Residente<\/p>\n","protected":false},"excerpt":{"rendered":"<p>DESCARGAR DISE\u00d1O CURRICULAR PROFESORADO DE DANZA PLAN DE ESTUDIOS &nbsp; PRIMER A\u00d1O Pedagog\u00eda Psicolog\u00eda Educacional EDI \u2013 Senso Percepci\u00f3n Danza Cl\u00e1sica Danzas Folcl\u00f3ricas Argentinas- Historia Social y Cultural de las Artes del Movimiento I EDI (Danza con eje en la T\u00e9cnica) Elementos y C\u00f3digos de la Danza Escuela y Comunidad &nbsp; SEGUNDO A\u00d1O Did\u00e1ctica General &#8230; <a title=\"Dise\u00f1o Curricular Profesorado en Danzas\" class=\"read-more\" href=\"https:\/\/iespoman-cat.infd.edu.ar\/sitio\/diseno-curricular-profesorado-en-danzas\/\" aria-label=\"More on Dise\u00f1o Curricular Profesorado en Danzas\">[+]<\/a><\/p>\n","protected":false},"author":42,"featured_media":0,"parent":0,"menu_order":0,"comment_status":"closed","ping_status":"closed","template":"","meta":[],"acf":[],"_links":{"self":[{"href":"https:\/\/iespoman-cat.infd.edu.ar\/sitio\/wp-json\/wp\/v2\/pages\/1204"}],"collection":[{"href":"https:\/\/iespoman-cat.infd.edu.ar\/sitio\/wp-json\/wp\/v2\/pages"}],"about":[{"href":"https:\/\/iespoman-cat.infd.edu.ar\/sitio\/wp-json\/wp\/v2\/types\/page"}],"author":[{"embeddable":true,"href":"https:\/\/iespoman-cat.infd.edu.ar\/sitio\/wp-json\/wp\/v2\/users\/42"}],"replies":[{"embeddable":true,"href":"https:\/\/iespoman-cat.infd.edu.ar\/sitio\/wp-json\/wp\/v2\/comments?post=1204"}],"version-history":[{"count":1,"href":"https:\/\/iespoman-cat.infd.edu.ar\/sitio\/wp-json\/wp\/v2\/pages\/1204\/revisions"}],"predecessor-version":[{"id":1207,"href":"https:\/\/iespoman-cat.infd.edu.ar\/sitio\/wp-json\/wp\/v2\/pages\/1204\/revisions\/1207"}],"wp:attachment":[{"href":"https:\/\/iespoman-cat.infd.edu.ar\/sitio\/wp-json\/wp\/v2\/media?parent=1204"}],"curies":[{"name":"wp","href":"https:\/\/api.w.org\/{rel}","templated":true}]}}