{"id":1057,"date":"2018-08-29T19:54:26","date_gmt":"2018-08-29T22:54:26","guid":{"rendered":"https:\/\/iespoman-cat.infd.edu.ar\/sitio\/autoridades\/"},"modified":"2024-04-25T17:52:33","modified_gmt":"2024-04-25T20:52:33","slug":"autoridades","status":"publish","type":"page","link":"https:\/\/iespoman-cat.infd.edu.ar\/sitio\/autoridades\/","title":{"rendered":"Autoridades"},"content":{"rendered":"<p><span style=\"color: #0000ff; font-family: arial, helvetica, sans-serif; font-size: medium;\"><strong>Rector: <strong>Prof. Alejandro del Valle Avellaneda<\/strong><\/strong><\/span><\/p>\n<p><span style=\"color: #0000ff; font-family: arial, helvetica, sans-serif; font-size: medium;\"><strong>Secretar\u00eda Acad\u00e9mica:<\/strong><\/span><\/p>\n<p><span style=\"color: #0000ff; font-family: arial, helvetica, sans-serif; font-size: medium;\"><strong>Secretario T\u00e9cnica:\u00a0<\/strong><\/span><\/p>\n<p><span style=\"color: #0000ff; font-family: arial, helvetica, sans-serif; font-size: medium;\"><strong>Jefe de Capacitaci\u00f3n y Extensi\u00f3n: Prof. Esp. Jos\u00e9 Fernando Nieva<\/strong><\/span><\/p>\n<p><span style=\"color: #0000ff; font-family: arial, helvetica, sans-serif; font-size: medium;\"><strong>Jefa de Alumnos: Prof. Jorgelina Perea\u00a0<\/strong><\/span><\/p>\n<p><span style=\"color: #cc6600; font-family: arial, helvetica, sans-serif; font-size: medium;\"><strong>\u00a0<\/strong><\/span><\/p>\n<p><span style=\"color: #cc6600; font-family: arial, helvetica, sans-serif; font-size: medium;\"><strong>\u00a0<\/strong><\/span><\/p>\n","protected":false},"excerpt":{"rendered":"<p>Rector: Prof. Alejandro del Valle Avellaneda Secretar\u00eda Acad\u00e9mica: Secretario T\u00e9cnica:\u00a0 Jefe de Capacitaci\u00f3n y Extensi\u00f3n: Prof. Esp. Jos\u00e9 Fernando Nieva Jefa de Alumnos: Prof. Jorgelina Perea\u00a0 \u00a0 \u00a0<\/p>\n","protected":false},"author":8,"featured_media":0,"parent":0,"menu_order":0,"comment_status":"closed","ping_status":"closed","template":"","meta":[],"acf":[],"_links":{"self":[{"href":"https:\/\/iespoman-cat.infd.edu.ar\/sitio\/wp-json\/wp\/v2\/pages\/1057"}],"collection":[{"href":"https:\/\/iespoman-cat.infd.edu.ar\/sitio\/wp-json\/wp\/v2\/pages"}],"about":[{"href":"https:\/\/iespoman-cat.infd.edu.ar\/sitio\/wp-json\/wp\/v2\/types\/page"}],"author":[{"embeddable":true,"href":"https:\/\/iespoman-cat.infd.edu.ar\/sitio\/wp-json\/wp\/v2\/users\/8"}],"replies":[{"embeddable":true,"href":"https:\/\/iespoman-cat.infd.edu.ar\/sitio\/wp-json\/wp\/v2\/comments?post=1057"}],"version-history":[{"count":3,"href":"https:\/\/iespoman-cat.infd.edu.ar\/sitio\/wp-json\/wp\/v2\/pages\/1057\/revisions"}],"predecessor-version":[{"id":2978,"href":"https:\/\/iespoman-cat.infd.edu.ar\/sitio\/wp-json\/wp\/v2\/pages\/1057\/revisions\/2978"}],"wp:attachment":[{"href":"https:\/\/iespoman-cat.infd.edu.ar\/sitio\/wp-json\/wp\/v2\/media?parent=1057"}],"curies":[{"name":"wp","href":"https:\/\/api.w.org\/{rel}","templated":true}]}}