{"id":1013,"date":"2018-08-29T19:54:06","date_gmt":"2018-08-29T22:54:06","guid":{"rendered":"https:\/\/iespoman-cat.infd.edu.ar\/sitio\/capacitacion\/"},"modified":"2020-02-25T21:03:20","modified_gmt":"2020-02-26T00:03:20","slug":"capacitacion","status":"publish","type":"page","link":"https:\/\/iespoman-cat.infd.edu.ar\/sitio\/capacitacion\/","title":{"rendered":"Capacitaci\u00f3n"},"content":{"rendered":"<h1><img decoding=\"async\" class=\"aligncenter\" title=\"\" src=\"https:\/\/iespoman-cat.infd.edu.ar\/sitio\/wp-content\/uploads\/2018\/08\/images.jpg\" alt=\"\" border=\"0\" \/><\/h1>\n<p style=\"text-align: right;\"><span style=\"color: #cc6600; font-family: Arial; font-size: medium;\" data-mce-mark=\"1\"><strong>Coordinaci\u00f3n:<br \/>\n<\/strong><\/span><\/p>\n<p style=\"text-align: right;\"><span style=\"color: #cc6600; font-family: Arial; font-size: medium;\" data-mce-mark=\"1\"><strong>\u00a0Prof. Jos\u00e9 Fernando Nieva<\/strong><\/span><\/p>\n<p><strong style=\"color: #cc6600; font-family: Arial; font-size: medium;\"><strong><span data-mce-mark=\"1\"><img decoding=\"async\" loading=\"lazy\" style=\"float: right;\" title=\"fotograf\u00eda\" src=\"https:\/\/iespoman-cat.infd.edu.ar\/sitio\/wp-content\/uploads\/2018\/08\/Perfil.jpg\" alt=\"fotograf\u00eda\" width=\"102\" height=\"84\" border=\"0\" \/><\/span><\/strong><\/strong><\/p>\n<p><span style=\"color: #cc6600; font-family: Arial; font-size: medium;\"><strong>\u00a0<\/strong><\/span><\/p>\n<p><strong style=\"color: #cc6600; font-family: Arial; font-size: medium;\"><strong><span data-mce-mark=\"1\">\u00a0<\/span><\/strong><\/strong><\/p>\n<p style=\"text-align: right;\"><span style=\"font-family: Verdana;\"><span style=\"font-size: small;\">\u00a0<span style=\"font-size: 8pt;\"> <span style=\"color: #0000ff;\"><span style=\"color: #000000;\">Por consulta hacerlo via mail a<\/span> <span style=\"text-decoration: underline;\">josefernandonieva@yahoo.com.ar<\/span>\u00a0<\/span><\/span><\/span><\/span><\/p>\n<p style=\"text-align: right;\">jnieva@catamarca.edu.ar<\/p>\n<h1 style=\"text-align: center;\"><span style=\"color: #800080; font-family: Arial; font-size: medium;\" data-mce-mark=\"1\"><strong>DEPARTAMENTO DE EXTENSI\u00d3N Y CAPACITACI\u00d3N<\/strong><\/span><\/h1>\n<p>&nbsp;<\/p>\n<h2><span style=\"color: #0000ff;\">PLAN DE CAPACITACI\u00d3N PARA LOS INSTITUTOS DE FORMACI\u00d3N DOCENTE 2020<\/span><\/h2>\n<p style=\"text-align: center;\">MINISTERIO DE EDUCACION DE LA PROVINCIA DE CATAMARCA<\/p>\n<p style=\"text-align: center;\">SECRETARIA GESTION \u00a0EDUCATIVA<\/p>\n<p style=\"text-align: center;\">DIRECCI\u00d3N PROVINCIAL \u00a0DE EDUCACI\u00d3N SUPERIOR<\/p>\n<p style=\"text-align: center;\"><strong>\u00a0<\/strong><\/p>\n<p style=\"text-align: center;\"><strong>\u00a0<\/strong><\/p>\n<h3 style=\"text-align: center;\"><span style=\"color: #800080;\"><strong><em>Capacitaci\u00f3n y Formaci\u00f3n Docente Continua.<\/em><\/strong><\/span><\/h3>\n<h3 style=\"text-align: center;\"><span style=\"color: #800080;\">PLAN DE CAPACITACI\u00d3N PARA LOS INSTITUTOS DE FORMACI\u00d3N DOCENTE<\/span><\/h3>\n<h3 style=\"text-align: center;\"><span style=\"color: #800080;\">A\u00f1o 2020<\/span><\/h3>\n<h3 style=\"text-align: center;\"><span style=\"color: #800080;\">\u00a0Documento\u00a0 de trabajo.<\/span><\/h3>\n<p><strong>\u00a0<\/strong><\/p>\n<p><strong>DEPENDENCIAS INVOLUCRADAS: <\/strong>Direcci\u00f3n Prov. de \u00a0Educaci\u00f3n Superior &#8211;Institutos de Estudios Superiores de la Provincia de Catamarca<\/p>\n<p><strong>\u00a0<\/strong><\/p>\n<p style=\"text-align: right;\"><strong>\u00a0<\/strong><strong>RESPONSABLE TECNICO:<\/strong><\/p>\n<p style=\"text-align: right;\"><strong>Lic. Carmen Carrizo.<\/strong><\/p>\n<p>&nbsp;<\/p>\n<p><strong>JUSTIFICACI\u00d3N:<\/strong><\/p>\n<p>El Programa\u00a0 de Capacitaci\u00f3n Docente surge por iniciativa de la Direcci\u00f3n Provincial de Educaci\u00f3n \u00a0Superior con el prop\u00f3sito de fortalecer la funciones del sistema formador, dando respuestas puntuales a las demandas de capacitaci\u00f3n hacia el interior de cada instituci\u00f3n formadora como tambi\u00e9n a\u00a0 los docentes de las escuelas Asociadas, por otro parte, contribuye a una de las l\u00edneas\u00a0 priorizadas de la DES tendiente <em>a fortalecer la funci\u00f3n Capacitaci\u00f3n de los Institutos de Estudios Superiores\u00a0 y la Formaci\u00f3n Docente Continua<strong> .<\/strong><\/em><\/p>\n<p>En raz\u00f3n de lo establecido\u00a0 en la\u00a0 Ley\u00a0 de Educaci\u00f3n Nacional N\u00aa 26.206, que plantea\u00a0 la\u00a0 educaci\u00f3n como un derecho y al conocimiento como un bien p\u00fablico, centrando el eje en la formaci\u00f3n permanente, gratuita, en ejercicio y de calidad, de los trabajadores de la educaci\u00f3n argentina.\u00a0 Asimismo, la Res. CFE 30\/07 prescribe la <em>Actualizaci\u00f3n Disciplinar y Pedag\u00f3gica de docentes en ejercicio, poniendo especial \u00e9nfasis\u00a0 en las posibilidades para reflexionar, transformar y potenciar la acci\u00f3n educativa en el sistema, las escuelas y las aulas.\u00a0 <\/em><\/p>\n<p>En ese sentido, se implementan estrategias de organizaci\u00f3n y distribuci\u00f3n de horas institucionales y trabajo colaborativo que afiancen\u00a0 las condiciones para\u00a0 la Formaci\u00f3n Docente Continua.<\/p>\n<p>Se concibe\u00a0 la capacitaci\u00f3n como una funci\u00f3n organizacional, que el sistema mismo subordina en su car\u00e1cter de servicio. Los aprendizajes en el contexto laboral traen consigo la noci\u00f3n de efectividad, no se trata de buscar solo qu\u00e9 conocimientos son importantes sino el saber c\u00f3mo aplicarlos operativamente, de ah\u00ed que la m\u00e1s importante motivaci\u00f3n proviene\u00a0 de la percepci\u00f3n\u00a0 de su utilidad.<\/p>\n<p>El programa de Capacitaci\u00f3n se organiza\u00a0 en torno a las siguientes\u00a0 <strong>tem\u00e1ticas<\/strong>:<\/p>\n<p>&nbsp;<\/p>\n<p><em>\u00a0<\/em><span style=\"color: #3366ff;\"><em>Actualizaci\u00f3n Disciplinar\u00a0 con \u00e9nfasis\u00a0 en las Did\u00e1cticas Especiales.<\/em><\/span><\/p>\n<p><span style=\"color: #3366ff;\"><em>Planificaciones Did\u00e1cticas desde\u00a0 el enfoque\u00a0 de las Capacidades.<\/em><\/span><\/p>\n<p><span style=\"color: #3366ff;\"><em>Evaluaci\u00f3n Formativa<\/em><\/span><\/p>\n<p><span style=\"color: #3366ff;\"><em>Planificaci\u00f3n de Proyectos Integrados.<\/em><\/span><\/p>\n<p><span style=\"color: #3366ff;\"><em>Pr\u00e1cticas\u00a0 de Comunicaci\u00f3n: lectura\u00a0 escrita\u00a0 y oralidad.<\/em><\/span><\/p>\n<p><span style=\"color: #3366ff;\"><em>\u00a0Alfabetizaci\u00f3n Temprana.<\/em><\/span><\/p>\n<p><span style=\"color: #3366ff;\"><em>\u00a0Producci\u00f3n de Narrativas\u00a0 en distintos formatos y lenguajes.<\/em><\/span><\/p>\n<p><span style=\"color: #3366ff;\"><em>\u00a0La Interdisciplinariedad<\/em><\/span><\/p>\n<p><span style=\"color: #3366ff;\"><em>\u00a0Secuencias Did\u00e1cticas.<\/em><\/span><\/p>\n<p><span style=\"color: #3366ff;\"><em>Educaci\u00f3n Rural: Estrategias Did\u00e1cticas.<\/em><\/span><\/p>\n<p><span style=\"color: #3366ff;\"><em>Educaci\u00f3n Intercultural.<\/em><\/span><\/p>\n<p><em>\u00a0<\/em><\/p>\n<p>&nbsp;<\/p>\n<p><strong>PROP\u00d3SITO:<\/strong><\/p>\n<p><strong>\u00a0 <\/strong>El prop\u00f3sito\u00a0 del Programa de\u00a0 Capacitaci\u00f3n es fortalecer el departamento de Capacitaci\u00f3n de los Institutos de Educaci\u00f3n Superior\u00a0 y\u00a0 mejorar las pr\u00e1cticas \u00e1ulicas, mediante\u00a0 propuestas que brinden a los docentes\u00a0 actualizaci\u00f3n\u00a0 disciplinar y nutra de nuevas estrategias e instrumentos metodol\u00f3gicos\u00a0 que promuevan\u00a0 la innovaci\u00f3n en las aulas.<\/p>\n<p><strong>DESTINATARIOS: <\/strong><\/p>\n<p><strong>a)-<\/strong>Coordinadores de Capacitaci\u00f3n de los Institutos Estudios Superiores (IES).<\/p>\n<p><strong>b)- <\/strong>Docentes con Horas Institucionales de los IES.<\/p>\n<p><strong>\u00a0<\/strong><\/p>\n<p><strong>ACCIONES:<\/strong><\/p>\n<ul>\n<li>Etapa de difusi\u00f3n sobre el Programa de Capacitaci\u00f3n para\u00a0 el a\u00f1o<\/li>\n<li>Recepci\u00f3n de Proyectos\u00a0 hasta el d\u00eda 23 de marzo de 2020<\/li>\n<li>Evaluaci\u00f3n de los proyectos ingresados.<\/li>\n<li>Seguimiento y monitoreo de los proyectos en ejecuci\u00f3n (Abril -Diciembre)<\/li>\n<\/ul>\n<p><strong>\u00a0<\/strong><\/p>\n<p><strong>EVALUACI\u00d3N:<\/strong><\/p>\n<p>A cargo del Equipo T\u00e9cnico de Capacitaci\u00f3n de la Direcci\u00f3n de Educaci\u00f3n Superior:<\/p>\n<p>Los criterios de evaluaci\u00f3n de Proyectos son:<\/p>\n<ol>\n<li>Manifieste las tem\u00e1ticas prescriptas en el Programa de Capacitaci\u00f3n.<\/li>\n<li>Responda al instructivo.<\/li>\n<li>Fundamentaci\u00f3n y pase por parte del Coordinador de Capacitaci\u00f3n del instituto basado en criterios pedag\u00f3gicos did\u00e1cticos y su pertinencia en relaci\u00f3n a las necesidades\u00a0 de la poblaci\u00f3n docente\u00a0 a las que va dirigida\u00a0 la capacitaci\u00f3n.<\/li>\n<li>Guarde relaci\u00f3n con los Lineamientos Curriculares\u00a0 de\/de los Nivel \/Niveles\u00a0 para los que capacita.<\/li>\n<li>Contemple las capacidades docentes como foco de la organizaci\u00f3n curricular de la capacitaci\u00f3n.<\/li>\n<li>Priorice los Lineamientos de la Escuela Secundaria 2030.<\/li>\n<\/ol>\n<p><strong>\u00a0<\/strong><\/p>\n<p><strong>\u00a0<\/strong><\/p>\n<p><strong>\u00a0<\/strong><\/p>\n<p><strong>CIERRE DEL CICLO ACAD\u00c9MICO: <\/strong><\/p>\n<p>Jornadas de Socializaci\u00f3n de los Proyectos de Capacitaci\u00f3n, Perfeccionamiento, Actualizaci\u00f3n y Extensi\u00f3n para la Formaci\u00f3n Docente y\/o T\u00e9cnica organizado por la Direcci\u00f3n de Educaci\u00f3n Superior.<\/p>\n<p>&nbsp;<\/p>\n<p><strong>Prop\u00f3sito: <\/strong>Intercambiar experiencias, formas de trabajo y resultados de los proyectos de Capacitaci\u00f3n.<\/p>\n<p>&nbsp;<\/p>\n<p><strong>\u00a0Objetivos:<\/strong><\/p>\n<p><strong>\u00a0\u00a0 <\/strong><\/p>\n<ul>\n<li>Socializar la tarea de los equipos de Capacitaci\u00f3n, Perfeccionamiento, Actualizaci\u00f3n y Extensi\u00f3n para la Formaci\u00f3n Docente y\/o T\u00e9cnica.<\/li>\n<li>Intercambiar pr\u00e1cticas, experiencias y reflexionar acerca de la institucionalizaci\u00f3n de la funci\u00f3n de Capacitaci\u00f3n, Perfeccionamiento, Actualizaci\u00f3n y Extensi\u00f3n en los Institutos de Formaci\u00f3n Docente.<\/li>\n<\/ul>\n<p><strong>Responsables<\/strong>: \u00c1rea T\u00e9cnica DES- Rectores de los IES-<\/p>\n<p>&nbsp;<\/p>\n<p>&nbsp;<\/p>\n<p><strong><u>Convocatoria para proyectos de Capacitaci\u00f3n, Perfeccionamiento, Actualizaci\u00f3n y Extensi\u00f3n para la formaci\u00f3n docente y T\u00e9cnico profesional para Institutos de Formaci\u00f3n Superior <\/u><\/strong><\/p>\n<ol>\n<li>a) La Direcci\u00f3n Provincial Educaci\u00f3n Superior es responsable de la definici\u00f3n de los lineamientos del \u00e1rea Capacitaci\u00f3n, Perfeccionamiento, Actualizaci\u00f3n y Extensi\u00f3n para la formaci\u00f3n docente y t\u00e9cnico profesional de los Institutos de Formaci\u00f3n Superior, que ser\u00e1n instrumentalizados a trav\u00e9s de los Institutos Formadores.<\/li>\n<li>b) Los Equipos Directivos de IES son responsables de:<\/li>\n<\/ol>\n<ul>\n<li>Definir los proyectos acordes a las necesidades institucionales y a las l\u00edneas definidas por la DPES.<\/li>\n<li>Impulsar, monitorear y acompa\u00f1ar las funciones del \u00e1rea de Capacitaci\u00f3n, Actualizaci\u00f3n y Extensi\u00f3n<strong>.<\/strong><\/li>\n<li>Asignar las horas institucionales de los proyectos aprobados para su ejecuci\u00f3n.<\/li>\n<li>Garantizar institucionalmente la ejecuci\u00f3n de proyectos y difusi\u00f3n de los resultados de las Capacitaciones.<\/li>\n<li>Certificar los cursos; refrendados por el Rector, conjuntamente por el Director de la DPES.<\/li>\n<\/ul>\n<ol>\n<li>c) Bases y condiciones para presentar proyectos:<\/li>\n<\/ol>\n<ul>\n<li>El\/La Docente\/T\u00e9cnico\/a, deber\u00e1 formar parte del plantel docente de la Instituci\u00f3n.<\/li>\n<li>Presentar proyecto de acuerdo a los lineamientos de la D.P.E.S.<\/li>\n<li>Los proyectos deber\u00e1n enmarcarse en la Disposici\u00f3n D.P.E.S. relacion a Horas Institucionales del presente a\u00f1o.(en tramite).<\/li>\n<li>La evaluaci\u00f3n estar\u00e1 a cargo del \u00e1rea t\u00e9cnico de la DPES.<\/li>\n<li>Los docentes que ejecutaron proyectos de Investigaci\u00f3n, Capacitaci\u00f3n o Extensi\u00f3n en los a\u00f1os anteriores y no hayan presentado informe final del mismo, no podr\u00e1n participar de esta convocatoria.<\/li>\n<\/ul>\n<ol>\n<li>d) Coordinaci\u00f3n del Departamento\/ \u00e1rea Capacitaci\u00f3n, Perfeccionamiento, Actualizaci\u00f3n y Extensi\u00f3n para la formaci\u00f3n docente y t\u00e9cnico profesional en los IES, estar\u00e1 normada por Res. N\u00aa 615 articulo 42:<\/li>\n<\/ol>\n<ul>\n<li>Dise\u00f1ar el plan de trabajo del Departamento de Coordinaci\u00f3n de Capacitaci\u00f3n, Perfeccionamiento, Actualizaci\u00f3n y Extensi\u00f3n para la Formaci\u00f3n Docente y\/o T\u00e9cnica<\/li>\n<li>Ajustar su desempe\u00f1o a las pautas y lineamientos de trabajo emanadas de la Rector\u00eda y la Secretar\u00eda Acad\u00e9mica, en articulaci\u00f3n con las pol\u00edticas emanadas de la Direcci\u00f3n de Educaci\u00f3n Superior.<\/li>\n<li>Definir con el Rector y Secretar\u00eda Acad\u00e9mica las pol\u00edticas y acciones en materia de capacitaci\u00f3n y su implementaci\u00f3n.<\/li>\n<li>Atender demandas de auto capacitaci\u00f3n y perfeccionamiento para el Nivel Inicial, Primario y Secundario de las instituciones educativas de su \u00e1rea de influencia, con el aval de las Direcciones de Nivel.<\/li>\n<li>Atender demandas de auto capacitaci\u00f3n y perfeccionamiento t\u00e9cnico de los organismos estatales y empresas privadas de su \u00e1rea de influencia<\/li>\n<li>Coordinar reuniones y equipos de trabajo, seg\u00fan las previsiones y programaciones de actividades, focalizando la atenci\u00f3n en el mejoramiento de la formaci\u00f3n y de la profesionalizaci\u00f3n de los docentes del Instituto.<\/li>\n<li>Elaborar instructivos, informes, criterios, pautas, etc. a requerimiento de las autoridades o cuando las caracter\u00edsticas de los proyectos de capacitaci\u00f3n lo demanden.<\/li>\n<li>Diagnosticar, planificar, monitorear y evaluar la implementaci\u00f3n de proyectos de capacitaci\u00f3n.<\/li>\n<li>Promover y gestionar instancias de extensi\u00f3n del instituto con el contexto socio productivo estableciendo acciones conjuntas, perfeccionamiento y actualizaci\u00f3n docente y t\u00e9cnica.\u201d<\/li>\n<\/ul>\n<p>&nbsp;<\/p>\n<ol>\n<li>e) Obligaciones de los docentes capacitadores:<\/li>\n<\/ol>\n<ul>\n<li>Desarrollar las tareas programadas en el proyecto.<\/li>\n<li>Cumplir con las normativas vigentes.<\/li>\n<li>Presentar informes Trimestrales y finales.<\/li>\n<\/ul>\n<p>&nbsp;<\/p>\n<p>&nbsp;<\/p>\n<p><strong><u>\u00a0Procedimiento para la evaluaci\u00f3n de los Proyectos de<\/u><\/strong><strong><u> Capacitaci\u00f3n, Perfeccionamiento, Actualizaci\u00f3n y Extensi\u00f3n para la Formaci\u00f3n Docente y\/o T\u00e9cnica. <\/u><\/strong><\/p>\n<ol>\n<li><strong> Equipo de Evaluaci\u00f3n: \u00c1rea T\u00e9cnica y Pedag\u00f3gica <\/strong><\/li>\n<\/ol>\n<ul>\n<li>A medida que ingresen los proyectos se clasificaran por tem\u00e1ticas.<\/li>\n<li>La evaluaci\u00f3n de los proyectos ser\u00e1 realizada por el \u00e1rea t\u00e9cnica y pedag\u00f3gica de la Direcci\u00f3n Provincial de Educaci\u00f3n Superior.<\/li>\n<li>Los evaluadores deber\u00e1n utilizar, para su tarea, la grilla de evaluaci\u00f3n suministrada por la DPES para tal fin.<\/li>\n<\/ul>\n<ol>\n<li><strong> Selecci\u00f3n de los proyectos.<\/strong><\/li>\n<\/ol>\n<ul>\n<li>El \u00c1rea Capacitaci\u00f3n de la DPES evaluar\u00e1 proyectos que est\u00e9n informados por Instituto.<\/li>\n<\/ul>\n<p><strong>III. Notificaci\u00f3n de los resultados.<\/strong><\/p>\n<ul>\n<li>Se notificar\u00e1 a los responsables de los Proyectos presentados a fin darles a conocer las conclusiones, observaciones, sugerencias.<\/li>\n<li>Se notificara a los autores de los proyectos rechazados a fin de que tomen vista del informe t\u00e9cnico.<\/li>\n<\/ul>\n<p>&nbsp;<\/p>\n<ol>\n<li><u><\/u><br \/>\n<h3 style=\"text-align: center;\"><span style=\"color: #800000;\"><strong><u>Formulario\u00a0 para la presentaci\u00f3n de proyecto de Capacitaci\u00f3n<\/u><\/strong><strong><u>, Perfeccionamiento, Actualizaci\u00f3n y Extensi\u00f3n para la formaci\u00f3n docente y t\u00e9cnico profesional de los Institutos de Formaci\u00f3n Superior<\/u><\/strong><\/span><\/h3>\n<\/li>\n<\/ol>\n<p><u>\u00a0<\/u><\/p>\n<ol>\n<li><strong>INSTITUCI\u00d3N OFERENTE.<\/strong><\/li>\n<li><strong>DATOS GENERALES DEL PROYECTO:<\/strong><\/li>\n<\/ol>\n<p>Los datos inherentes a la identificaci\u00f3n del proyecto son los que se consignan\u00a0 a continuaci\u00f3n:<\/p>\n<p><strong>DATOS DEL PROYECTO DE CAPACITACI\u00d3N<\/strong>.<\/p>\n<ul>\n<li>Nombre del Proyecto.<\/li>\n<li><\/li>\n<li>Disciplina\/\u00e1rea de la Capacitaci\u00f3n.<\/li>\n<li>Modalidad (presencial\/ semi-presencial<\/li>\n<li>Formato que se definir\u00e1 para la capacitaci\u00f3n (curso, taller, seminario, jornada, encuentro).<\/li>\n<li>A\u00f1o.<\/li>\n<\/ul>\n<p>&nbsp;<\/p>\n<h6>3.\u00a0\u00a0\u00a0\u00a0\u00a0\u00a0\u00a0\u00a0\u00a0\u00a0\u00a0\u00a0\u00a0\u00a0 DESCRIPCION DEL PROYECTO.<\/h6>\n<p>&nbsp;<\/p>\n<p>S\u00edntesis\u00a0 acotada\u00a0 de que contenidos, estrategias, resultados\u00a0 esperados en la capacitaci\u00f3n.<\/p>\n<ol start=\"4\">\n<li><strong>FUNDAMENTACION<\/strong>:<\/li>\n<\/ol>\n<p>Debe presentar los argumentos contextuales que sustentan la propuesta de la capacitaci\u00f3n; referida a las circunstancias que generan la necesidad de la capacitaci\u00f3n en el \u00e1mbito espec\u00edfico en que la circunscribe\u00a0 y los posibles destinatarios participantes en la propuesta y\u00a0 contener un breve marco te\u00f3rico- epistemol\u00f3gico del tema\/problema\u00a0 a desarrollar.<\/p>\n<ol start=\"5\">\n<li><strong>OBJETIVOS<\/strong><\/li>\n<\/ol>\n<p>Los objetivos son declaraciones sobre los resultados que se pretenden alcanzar en un tiempo determinado, deben consignar\u00a0 objetivos\u00a0 generales y\u00a0 espec\u00edficos.<\/p>\n<p>Los objetivos generales indican el horizonte, el fin central del proyecto, se piensan a largo plazo (lo que se quiere lograr al finalizar el proyecto).<\/p>\n<p>Los objetivos espec\u00edficos son pasos que hay que ir dando para consolidar la consecuci\u00f3n de los objetivos generales.<\/p>\n<p>Los objetivos deben estar claramente explicitados y detalladamente precisados, de modo que las definiciones posteriores se articulen naturalmente con ellos. Todos los aspectos incluidos en cualquier proyecto de capacitaci\u00f3n, deben constituir una unidad, de modo que se garantice el alcance de los aprendizajes requeridos para subsanar la necesidad a la que est\u00e1 destinada a cubrir.<\/p>\n<ol start=\"6\">\n<li><strong>DESTINATARIOS<\/strong><\/li>\n<\/ol>\n<p>La definici\u00f3n del universo de destinatarios es muy importante,\u00a0 debido\u00a0 a que, de acuerdo a ello, se tomar\u00e1n decisiones trascendentales respecto de los contenidos, los modos de abordarlos (estrategias metodol\u00f3gicas y recursos) y el alcance que habr\u00e1 de d\u00e1rsele.<\/p>\n<ol start=\"7\">\n<li><strong>CANTIDAD DE ASISTENTES:<\/strong><\/li>\n<\/ol>\n<p>El cupo de participantes se adecua a los recursos disponibles y capacidad operativa del docente\/equipo que presenta la propuesta de Capacitaci\u00f3n.<\/p>\n<ol start=\"8\">\n<li><strong>ORGANIZACI\u00d3N ACAD\u00c9MICA<em>:<\/em><\/strong><\/li>\n<\/ol>\n<p><strong><em><u>\u00a0<\/u><\/em><\/strong><\/p>\n<p><strong>TEMARIO GENERAL:<\/strong><\/p>\n<p>Enunciar tema\/ contenidos del proyecto.<\/p>\n<p><strong>TEMARIO ANAL\u00cdTICO:<\/strong><\/p>\n<p>Refiere a la descripci\u00f3n de temas y\u00a0 subtemas incluidos en\u00a0 ejes de contenido.<\/p>\n<p>Permite visualizar la relaci\u00f3n entre contenidos y asignaci\u00f3n horaria, es decir, es un criterio para evaluar la factibilidad del proyecto. Un detalle a tener cuenta es que los contenidos seleccionados deben conducir a los objetivos planteados inicialmente, deben garantizar los aprendizajes necesarios para acreditar la capacitaci\u00f3n.<\/p>\n<p>Los contenidos\u00a0 deben\u00a0 estar secuenciados l\u00f3gica y psicol\u00f3gicamente (deben estar organizados de menor a mayor nivel de complejidad y adecuados a las posibilidades de aprendizaje del grupo de destinatarios propuesto de acuerdo a edad y saberes previos requeridos);\u00a0 tambi\u00e9n deben ser factibles de ser abordados en el tiempo programado.<\/p>\n<p><strong>CARGA HORARIA:<\/strong><\/p>\n<p>La carga horaria\u00a0 total\u00a0 expresada en horas reloj y c\u00e1tedra.<\/p>\n<p>Consignar n\u00fameros de clases\/ jornadas \u00a0y carga horaria en horas reloj y c\u00e1tedra.<\/p>\n<p>La definici\u00f3n de la carga horaria debe ser coherente con la cantidad y profundidad de los temas abordados en la capacitaci\u00f3n.<\/p>\n<p><strong>DURACION:<\/strong><\/p>\n<p>Refiere al tiempo previsto en el a\u00f1o para la capacitaci\u00f3n: asignaci\u00f3n horaria semanal prevista y la distribuci\u00f3n calendario de la misma expresada\u00a0 en cronograma.<\/p>\n<p><strong>METODOLOG\u00cdAS DE ENSE\u00d1ANZA\u00a0 Y DE APRENDIZAJE:<\/strong><\/p>\n<p>Refiere a las estrategias que el docente habr\u00e1 de emplear en el desarrollo de las clases y los recursos puestos en juego. Su elecci\u00f3n debe ser coherente con los contenidos, los destinatarios, la asignaci\u00f3n horaria y el tipo de actividad. Se debe tener en cuenta que hay contenidos que requieren de una mayor exposici\u00f3n te\u00f3rica, pero hay otros que exigen la puesta en marcha de estrategias que motiven la pr\u00e1ctica.<\/p>\n<p><strong>CRONOGRAMA DE ACTIVIDADES.<\/strong><\/p>\n<p>Consignar actividad,\u00a0 tiempo, fecha.<\/p>\n<p><strong>RESULTADOS\u00a0 ESPERADOS<\/strong><\/p>\n<p>Lo que se espera lograr al terminar\u00a0 el trayecto\u00a0 de la capacitaci\u00f3n, expresados en\u00a0 t\u00e9rminos\u00a0 de evidencias\u00a0 en las pr\u00e1cticas \u00e1ulicas\u00a0 de los destinatarios.<\/p>\n<p><strong>EVALUACI\u00d3N:<\/strong><\/p>\n<p>Se deben proveer por un lado, las actividades de evaluaci\u00f3n para la acreditaci\u00f3n de la capacitaci\u00f3n y por otro, consignar los instrumentos (evaluaciones escritas, on-line, te\u00f3ricas, pr\u00e1cticas, etc.), los tiempos y frecuencias pautados y los criterios que se van a tener en cuenta\u00a0 en el proceso de evaluaci\u00f3n.<\/p>\n<p><strong>BIBLIOGRAF\u00cdA:<\/strong><\/p>\n<p>Detallar todos los datos identificatorios del material, seg\u00fan las normas de referenciado. Debe estar referida a todos los contenidos de la capacitaci\u00f3n, con bibliograf\u00eda actualizada.<\/p>\n<p><strong>RECURSOS DID\u00c1CTICOS:<\/strong><\/p>\n<p>Detallar el material de apoyo para el desarrollo de las clases.<\/p>\n<p>Su elecci\u00f3n debe ser consistente con los contenidos y las estrategias seleccionadas.<\/p>\n<p><strong>\u00a0RECURSOS HUMANOS:<\/strong><\/p>\n<p>Datos personales, direcci\u00f3n, tel\u00e9fono, correo electr\u00f3nico.<\/p>\n<p>Curr\u00edculum vitae de cada capacitador.<\/p>\n<ol start=\"9\">\n<li><strong>CERTIFICACI\u00d3N.<\/strong><\/li>\n<\/ol>\n<p>El cursante que haya cumplimentado las condiciones de aprobaci\u00f3n y acreditaci\u00f3n requeridas, acceder\u00e1 al Certificado de Aprobaci\u00f3n mediante\u00a0 Resoluci\u00f3n\u00a0 Ministerial del Ministerio de Educaci\u00f3n de la Provincia\u00a0 de Catamarca.<\/p>\n<ol start=\"10\">\n<li><strong>PAUTAS PARA LA PRESENTACI\u00d3N ESCRITA DE PROYECTOS.<\/strong><\/li>\n<\/ol>\n<p><strong>\u00a0<\/strong><\/p>\n<p>La presentaci\u00f3n del proyecto debe realizarse siguiendo el siguiente formato: Papel A 4; m\u00e1rgenes: 2, 5 cm superior e inferior, 3 cm izquierda y derecha; letra Arial, o Times New Roman tama\u00f1o 11 para el cuerpo; interlineado: 1.5.<\/p>\n<p>Citas: hasta tres l\u00edneas de extensi\u00f3n permanece en el cuerpo del trabajo y llevan comillas, m\u00e1s de tres l\u00edneas, se bajan, se enmarcan con justificaci\u00f3n de margen izquierdo m\u00e1s amplio (3,5 cm), tama\u00f1o de letra 10, interlineado sencillo, no llevan comillas. Referencia en el cuerpo del trabajo Ejemplo: (Guitton, 1996: 56).<\/p>\n<p>Notas (aclaraciones y ampliaciones): A pi\u00e9 de p\u00e1gina, tama\u00f1o de letra 9.<\/p>\n<p>&nbsp;<\/p>\n<p>&nbsp;<\/p>\n<p>&nbsp;<\/p>\n<p style=\"text-align: right;\">\n","protected":false},"excerpt":{"rendered":"<p>Coordinaci\u00f3n: \u00a0Prof. Jos\u00e9 Fernando Nieva \u00a0 \u00a0 \u00a0 Por consulta hacerlo via mail a josefernandonieva@yahoo.com.ar\u00a0 jnieva@catamarca.edu.ar DEPARTAMENTO DE EXTENSI\u00d3N Y CAPACITACI\u00d3N &nbsp; PLAN DE CAPACITACI\u00d3N PARA LOS INSTITUTOS DE FORMACI\u00d3N DOCENTE 2020 MINISTERIO DE EDUCACION DE LA PROVINCIA DE CATAMARCA SECRETARIA GESTION \u00a0EDUCATIVA DIRECCI\u00d3N PROVINCIAL \u00a0DE EDUCACI\u00d3N SUPERIOR \u00a0 \u00a0 Capacitaci\u00f3n y Formaci\u00f3n Docente Continua. &#8230; <a title=\"Capacitaci\u00f3n\" class=\"read-more\" href=\"https:\/\/iespoman-cat.infd.edu.ar\/sitio\/capacitacion\/\" aria-label=\"More on Capacitaci\u00f3n\">[+]<\/a><\/p>\n","protected":false},"author":8,"featured_media":0,"parent":0,"menu_order":0,"comment_status":"closed","ping_status":"closed","template":"","meta":[],"acf":[],"_links":{"self":[{"href":"https:\/\/iespoman-cat.infd.edu.ar\/sitio\/wp-json\/wp\/v2\/pages\/1013"}],"collection":[{"href":"https:\/\/iespoman-cat.infd.edu.ar\/sitio\/wp-json\/wp\/v2\/pages"}],"about":[{"href":"https:\/\/iespoman-cat.infd.edu.ar\/sitio\/wp-json\/wp\/v2\/types\/page"}],"author":[{"embeddable":true,"href":"https:\/\/iespoman-cat.infd.edu.ar\/sitio\/wp-json\/wp\/v2\/users\/8"}],"replies":[{"embeddable":true,"href":"https:\/\/iespoman-cat.infd.edu.ar\/sitio\/wp-json\/wp\/v2\/comments?post=1013"}],"version-history":[{"count":6,"href":"https:\/\/iespoman-cat.infd.edu.ar\/sitio\/wp-json\/wp\/v2\/pages\/1013\/revisions"}],"predecessor-version":[{"id":1399,"href":"https:\/\/iespoman-cat.infd.edu.ar\/sitio\/wp-json\/wp\/v2\/pages\/1013\/revisions\/1399"}],"wp:attachment":[{"href":"https:\/\/iespoman-cat.infd.edu.ar\/sitio\/wp-json\/wp\/v2\/media?parent=1013"}],"curies":[{"name":"wp","href":"https:\/\/api.w.org\/{rel}","templated":true}]}}